{"id":30,"date":"2013-04-25T17:01:04","date_gmt":"2013-04-25T17:01:04","guid":{"rendered":"http:\/\/monmetro.wordpress.com\/?page_id=30"},"modified":"2019-06-23T07:57:42","modified_gmt":"2019-06-23T11:57:42","slug":"le-photographe","status":"publish","type":"page","link":"https:\/\/monmetro.ca\/fr\/a-propos\/le-photographe\/","title":{"rendered":"le photographe"},"content":{"rendered":"<p>Artiste interdisciplinaire, <strong>Mathieu Perron<\/strong> est dipl\u00f4m\u00e9 du programme de Performance th\u00e9\u00e2trale de l\u2019Universit\u00e9 Concordia. En 2005, il fonda le <a title=\"Th\u00e9\u00e2tre Tableau D'H\u00f4te\" href=\"http:\/\/tableaudhotetheatre.ca\" target=\"_blank\">Th\u00e9\u00e2tre Tableau D\u2019H\u00f4te<\/a>, une compagnie anglophone acclam\u00e9e par les spectateurs et les critiques Montr\u00e9alaises pour ses choix audacieux et ses designs surr\u00e9aliste. Il milite depuis longue date au sein des mouvements sociaux et s\u2019identifie avant tout comme \u00e9tant solidaire avec les luttes f\u00e9ministes, \u00e9cologiques et \u00e9tudiantes. Il est aussi le curateur du site web pour le populaire hashtag <a title=\"#strangersintransit\" href=\"http:\/\/strangersintransit.com\" target=\"_blank\">#strangersintransit<\/a> et s&rsquo;occupa d&rsquo;un d\u00e9fi social-photographique, <a title=\"wewerestrangers\" href=\"http:\/\/wewerestrangers.com\" target=\"_blank\">wewerestrangers<\/a>, entre 2010 et 2012.<\/p>\n<p>Pour plus: <a title=\"matness.ca\" href=\"http:\/\/matness.ca\" target=\"_blank\">matness.ca<\/a><\/p>\n<p><div id=\"attachment_872\" style=\"width: 310px\" class=\"wp-caption alignnone\"><img aria-describedby=\"caption-attachment-872\" decoding=\"async\" loading=\"lazy\" src=\"http:\/\/monmetro.ca\/wp-content\/uploads\/2013\/04\/Photo-2014-01-26-12-54-21-300x225.jpg\" alt=\"cr\u00e9dit: jaclyn turner\" width=\"300\" height=\"225\" class=\"size-medium wp-image-872\" \/><p id=\"caption-attachment-872\" class=\"wp-caption-text\">cr\u00e9dit: jaclyn turner<\/p><\/div><br \/>\n<\/p>","protected":false},"excerpt":{"rendered":"<p>Artiste interdisciplinaire, Mathieu Perron est dipl\u00f4m\u00e9 du programme de Performance th\u00e9\u00e2trale de l\u2019Universit\u00e9 Concordia. En&#8230;<\/p>\n","protected":false},"author":1,"featured_media":0,"parent":35,"menu_order":1,"comment_status":"closed","ping_status":"closed","template":"page-template-fullwidth.php","meta":{"footnotes":""},"_links":{"self":[{"href":"https:\/\/monmetro.ca\/fr\/wp-json\/wp\/v2\/pages\/30"}],"collection":[{"href":"https:\/\/monmetro.ca\/fr\/wp-json\/wp\/v2\/pages"}],"about":[{"href":"https:\/\/monmetro.ca\/fr\/wp-json\/wp\/v2\/types\/page"}],"author":[{"embeddable":true,"href":"https:\/\/monmetro.ca\/fr\/wp-json\/wp\/v2\/users\/1"}],"replies":[{"embeddable":true,"href":"https:\/\/monmetro.ca\/fr\/wp-json\/wp\/v2\/comments?post=30"}],"version-history":[{"count":10,"href":"https:\/\/monmetro.ca\/fr\/wp-json\/wp\/v2\/pages\/30\/revisions"}],"predecessor-version":[{"id":897,"href":"https:\/\/monmetro.ca\/fr\/wp-json\/wp\/v2\/pages\/30\/revisions\/897"}],"up":[{"embeddable":true,"href":"https:\/\/monmetro.ca\/fr\/wp-json\/wp\/v2\/pages\/35"}],"wp:attachment":[{"href":"https:\/\/monmetro.ca\/fr\/wp-json\/wp\/v2\/media?parent=30"}],"curies":[{"name":"wp","href":"https:\/\/api.w.org\/{rel}","templated":true}]}}