{"id":26,"date":"2013-04-25T16:50:37","date_gmt":"2013-04-25T16:50:37","guid":{"rendered":"http:\/\/monmetro.wordpress.com\/?page_id=26"},"modified":"2013-05-01T23:49:18","modified_gmt":"2013-05-01T23:49:18","slug":"le-projet","status":"publish","type":"page","link":"https:\/\/monmetro.ca\/fr\/a-propos\/le-projet\/","title":{"rendered":"le projet"},"content":{"rendered":"<p>68 stations.<br \/>\n68 portraits.<\/p>\n<p>Pour exposer les quartiers de la r\u00e9gion m\u00e9tropolitaine de Montr\u00e9al et ses citadins, un appel est lanc\u00e9 aux habitants et habitantes: se faire photographier pr\u00e8s de leur station de m\u00e9tro. Parcourant 71km, le m\u00e9tro historique de Montr\u00e9al est appr\u00e9ci\u00e9 pour son art moderne, sa lumi\u00e8re et ses couleurs, mais ses utilisateurs qui lui donnent sa vivacit\u00e9.<\/p>\n<p>Pour participer, veuillez \u00e9crire a info@monmetro.ca avec votre nom, votre station de m\u00e9tro et pourquoi vous voulez prendre part au projet.<\/p>","protected":false},"excerpt":{"rendered":"<p>68 stations. 68 portraits. Pour exposer les quartiers de la r\u00e9gion m\u00e9tropolitaine de Montr\u00e9al et&#8230;<\/p>\n","protected":false},"author":1,"featured_media":0,"parent":35,"menu_order":0,"comment_status":"closed","ping_status":"closed","template":"page-template-fullwidth.php","meta":{"footnotes":""},"_links":{"self":[{"href":"https:\/\/monmetro.ca\/fr\/wp-json\/wp\/v2\/pages\/26"}],"collection":[{"href":"https:\/\/monmetro.ca\/fr\/wp-json\/wp\/v2\/pages"}],"about":[{"href":"https:\/\/monmetro.ca\/fr\/wp-json\/wp\/v2\/types\/page"}],"author":[{"embeddable":true,"href":"https:\/\/monmetro.ca\/fr\/wp-json\/wp\/v2\/users\/1"}],"replies":[{"embeddable":true,"href":"https:\/\/monmetro.ca\/fr\/wp-json\/wp\/v2\/comments?post=26"}],"version-history":[{"count":10,"href":"https:\/\/monmetro.ca\/fr\/wp-json\/wp\/v2\/pages\/26\/revisions"}],"predecessor-version":[{"id":131,"href":"https:\/\/monmetro.ca\/fr\/wp-json\/wp\/v2\/pages\/26\/revisions\/131"}],"up":[{"embeddable":true,"href":"https:\/\/monmetro.ca\/fr\/wp-json\/wp\/v2\/pages\/35"}],"wp:attachment":[{"href":"https:\/\/monmetro.ca\/fr\/wp-json\/wp\/v2\/media?parent=26"}],"curies":[{"name":"wp","href":"https:\/\/api.w.org\/{rel}","templated":true}]}}